{"id":916,"date":"2017-09-25T12:41:32","date_gmt":"2017-09-25T10:41:32","guid":{"rendered":"http:\/\/shanghaitomilan.at\/impress\/"},"modified":"2023-03-08T14:07:12","modified_gmt":"2023-03-08T13:07:12","slug":"impress","status":"publish","type":"page","link":"https:\/\/shanghaitomilan.com\/it\/impress\/","title":{"rendered":"Impressum"},"content":{"rendered":"\n<style type=\"text\/css\" data-created_by=\"avia_inline_auto\" id=\"style-css-av-av_one_fourth-f120a6c09a7c4f1b25340ac16a8e63e8\">\n.flex_column.av-av_one_fourth-f120a6c09a7c4f1b25340ac16a8e63e8{\nborder-radius:0px 0px 0px 0px;\npadding:0px 0px 0px 0px;\n}\n<\/style>\n<div  class='flex_column av-av_one_fourth-f120a6c09a7c4f1b25340ac16a8e63e8 av_one_fourth  avia-builder-el-0  el_before_av_three_fourth  avia-builder-el-first  first flex_column_div av-hide-on-mobile av-zero-column-padding  '     ><\/div>\n\n<style type=\"text\/css\" data-created_by=\"avia_inline_auto\" id=\"style-css-av-av_three_fourth-1198fcd98bd00b423a1c8c820304d99e\">\n.flex_column.av-av_three_fourth-1198fcd98bd00b423a1c8c820304d99e{\nborder-radius:0px 0px 0px 0px;\npadding:0px 0px 0px 0px;\n}\n<\/style>\n<div  class='flex_column av-av_three_fourth-1198fcd98bd00b423a1c8c820304d99e av_three_fourth  avia-builder-el-2  el_after_av_one_fourth  el_before_av_layout_row  avia-builder-el-last  flex_column_div av-zero-column-padding  '     ><p><div  class='avia-slideshow av-av_slideshow-629cb73e05dbb073af18f8d8a5448f63 avia-slideshow-entry_with_sidebar av_slideshow avia-slide-slider  avia-builder-el-3  el_before_av_heading  avia-builder-el-first  av-slideshow-ui av-control-default av-slideshow-manual av-loop-once av-loop-manual-endless av-default-height-applied avia-slideshow-1' data-slideshow-options=\"{&quot;animation&quot;:&quot;slide&quot;,&quot;autoplay&quot;:false,&quot;loop_autoplay&quot;:&quot;once&quot;,&quot;interval&quot;:5,&quot;loop_manual&quot;:&quot;manual-endless&quot;,&quot;autoplay_stopper&quot;:false,&quot;noNavigation&quot;:false,&quot;bg_slider&quot;:false,&quot;keep_padding&quot;:false,&quot;hoverpause&quot;:false,&quot;show_slide_delay&quot;:0}\"  itemprop=\"image\" itemscope=\"itemscope\" itemtype=\"https:\/\/schema.org\/ImageObject\" ><ul class='avia-slideshow-inner ' style='padding-bottom: 37.988165680473%;'><li  class='avia-slideshow-slide av-av_slideshow-629cb73e05dbb073af18f8d8a5448f63__0  av-single-slide slide-1 slide-odd'><div data-rel='slideshow-1' class='avia-slide-wrap '   ><img fetchpriority=\"high\" class=\"wp-image-1509 avia-img-lazy-loading-not-1509\"  src='https:\/\/shanghaitomilan.com\/wp-content\/uploads\/2017\/03\/container_weltkarte-845x321.jpg' width='845' height='321' title='Depositphotos_802624469_original.jpg' alt=''  itemprop=\"thumbnailUrl\"   \/><\/div><\/li><\/ul><\/div><br \/>\n\n<style type=\"text\/css\" data-created_by=\"avia_inline_auto\" id=\"style-css-av-av_heading-e4b1ca7db406b5058ec1ca5c190b9f55\">\n#top .av-special-heading.av-av_heading-e4b1ca7db406b5058ec1ca5c190b9f55{\npadding-bottom:30px;\n}\nbody .av-special-heading.av-av_heading-e4b1ca7db406b5058ec1ca5c190b9f55 .av-special-heading-tag .heading-char{\nfont-size:25px;\n}\n.av-special-heading.av-av_heading-e4b1ca7db406b5058ec1ca5c190b9f55 .av-subheading{\nfont-size:15px;\n}\n<\/style>\n<div  class='av-special-heading av-av_heading-e4b1ca7db406b5058ec1ca5c190b9f55 av-special-heading-h2 blockquote modern-quote  avia-builder-el-4  el_after_av_slideshow  el_before_av_textblock '><h2 class='av-special-heading-tag '  itemprop=\"headline\"  >Impressum<\/h2><div class=\"special-heading-border\"><div class=\"special-heading-inner-border\"><\/div><\/div><\/div><br \/>\n<section  class='av_textblock_section av-av_textblock-2de302bf1aa3cf4c9157dbe6f50ac7eb '   itemscope=\"itemscope\" itemtype=\"https:\/\/schema.org\/CreativeWork\" ><div class='avia_textblock'  itemprop=\"text\" ><p><strong>Propretario dei media<br \/>\n<\/strong>Shanghai To Milan (STM) Ltd.<br \/>\nUnit 2201, 22\/F, Chung Kiu Comm. Bldg.,<br \/>\n47-51 Shan Tung Street, Mongkok, Kln.,<br \/>\nHong Kong<\/p>\n<p>(Tel)\u00a0+852 8175 3536<br \/>\n(Fax) +852 3011 6262<br \/>\n(e-mail)\u00a0<a href=\"mailto:info@shanghaitomilan.com\">info@shanghaitomilan.com<\/a><\/p>\n<p>BR Nr: 38674677<\/p>\n<p><strong>Media<\/strong><br \/>\nSalvo diversa indicazione, i diritti di fotografia sono stati acquisiti da &#8220;shutterstock.com&#8221; e \/ o sono di propriet\u00e0 della Shanghai To Milan (STM) Ltd. La riproduzione senza autorizzazione non \u00e8 consentita. Il video \u00e8 stato fornito dalla Divisione commercio estero della Camera di commercio austriaca.<\/p>\n<p><strong>Realizzazione<\/strong><br \/>\nAgenzia Cloudcompany.at<\/p>\n<p><strong>Nota di copyright<\/strong><br \/>\nVerifichiamo e aggiorniamo continuamente tutte le informazioni fornite sul nostro sito web. Tuttavia, alcuni dati potrebbero essere cambiati nel frattempo o diventare obsoleti. Per questo motivo, una responsabilit\u00e0 o una garanzia per l&#8217;attualit\u00e0, la correttezza e la completezza delle informazioni fornite non pu\u00f2 essere presa. Non possiamo essere ritenuti responsabili per il contenuto e la presentazione di altri siti web indicati connessi con dei link, poich\u00e9 queste informazioni e contenuti di pagina non sono sotto il nostro controllo. Tuttavia, se un link facesse riferimento a un sito web che contiene contenuti illegali o immorali, vi preghiamo di farcelo sapere per poter rimuovere immediatamente questi collegamenti.<\/p>\n<p><strong>Marchio<\/strong><br \/>\nTutti i marchi citati sono di propriet\u00e0 dei rispettivi proprietari. L&#8217;assenza di segni su un marchio non significa che il marchio non sia protetto.<\/p>\n<p><strong>Cookies<\/strong><br \/>\nIl nostro sito utilizza dei &#8220;cookie&#8221; (piccoli file memorizzati nel rispettivo browser) e tecnologie analoghe per offrire i propri servizi e per assistere alla raccolta di dati. I cookie consentono, tra l&#8217;altro, di salvare le preferenze e le impostazioni; per semplificare l&#8217;applicazione; per fornire pubblicit\u00e0 basata sugli interessi; Combattere la frode; e analizzare come funziona il nostro sito web e servizi online. Le informazioni che un cookie contiene sono determinate dal server web e quindi memorizzate sul computer al momento dell\u2019accesso sul nostro sito. Questi cookie vengono assegnati a vita da parte del server web, per cui i cookie vengono automaticamente eliminati dal dispositivo finale dopo questo periodo di vita. Le impostazioni possono essere effettuate anche nel browser software che i cookie devono essere sempre eliminati anche quando il browser \u00e8 chiuso. I cookie sono necessari per essere in grado di assegnare chiaramente le chiamate dei nostri siti web, necessarie per la fornitura di alcune funzionalit\u00e0, in particolare la funzione di login. Se non \u00e8 necessario memorizzare alcun cookie sul rispettivo terminale, questo pu\u00f2 essere specificato nelle impostazioni del browser e impedisce quindi la memorizzazione.<\/p>\n<p><strong>Informativa sulla Privacy<\/strong><br \/>\nLa privacy \u00e8 importante per noi. ShanghaitoMilan (STM) LTD\u00a0si impegna a raccogliere responsabilmente le informazioni personali e a proteggere la privacy di ognuno. Questa informativa sulla tutela dei dati personali si propone di rispondere alle domande circa l\u2019origine, la natura, l\u2019utilizzo e la cessione a terzi dei dati raccolti e come si garantisce riservatezza e sicurezza. \u00c8 possibile correggere le informazioni e limitare la condivisione con terzi. ShanghaitoMilan (STM) LTD\u00a0\u00a0si riserva il diritto di modificare questa informativa sulla privacy senza preavviso in qualsiasi momento. In caso di modifiche a questa informativa la revisione verr\u00e0 indicata di seguito.<\/p>\n<p><strong>Google Analytics<\/strong><br \/>\nQuesto sito web utilizza Google Analytics, un servizio di analisi web fornito da Google, Inc. (&#8220;Google&#8221;). Google Analytics utilizza dei &#8220;cookies&#8221;, che sono file di testo che vengono depositati sul Vostro computer per consentire al sito web di analizzare come gli utenti utilizzano il sito. Le informazioni generate dal cookie sull&#8217;utilizzo del sito web da parte Vostra (compreso il Vostro indirizzo IP) verranno trasmesse a, e depositate presso i server di Google negli Stati Uniti. Google utilizzer\u00e0 queste informazioni allo scopo di tracciare ed esaminare il Vostro utilizzo del sito web, compilare report sulle attivit\u00e0 del sito web per gli operatori del sito web e fornire altri servizi relativi alle attivit\u00e0 del sito web e all&#8217;utilizzo di Internet. Google pu\u00f2 anche trasferire queste informazioni a terzi ove ci\u00f2 sia imposto dalla legge o laddove tali terzi trattino le suddette informazioni per conto di Google. Google non assocer\u00e0 il vostro indirizzo IP a nessun altro dato posseduto da Google.<br \/>\nPotete rifiutarvi di usare i cookies selezionando l&#8217;impostazione appropriata sul vostro browser, ma ci\u00f2 potrebbe impedirvi di utilizzare tutte le funzionalit\u00e0 di questo sito web. Utilizzando il presente sito web, voi acconsentite al trattamento dei Vostri dati da parte di Google per le modalit\u00e0 e i fini sopraindicati. L\u2019installazione dei cookie pu\u00f2 essere bloccata mediante l&#8217;apposita impostazione del browser; tuttavia, occorre tenere presente che abilitando il blocco, alcune funzioni di questo sito web potrebbero non essere pienamente utilizzabili. \u00c8 possibile impedire la registrazione e il trattamento delle informazioni generate dai cookies (incl. l\u2019indirizzo IP) da parte di Google. \u00c8 possibile utilizzare questa funzione scaricando l\u2019add-on. Il plugin per la disattivazione di Google Analytics \u00e8 disponibile per Internet Explorer, Google Chrome, Mozilla Firefox, Apple Safari e Opera all\u2019indirizzo:\u00a0http:\/\/tools.google.com\/dlpage\/gaoptout?hl=de<br \/>\nFacciamo notare che sul presente sito web \u00e8 stato aggiunto a Google Analytics con l\u2019opzione \u201c_anonymizeIp()\u201d e che gli indirizzi IP sono trattati nella loro forma abbreviata al fine di escludere un riferimento diretto alla persona interessata.<\/p>\n<\/div><\/section><\/p><\/div><\/div><\/div><\/div><!-- close content main div --><\/div><\/div><div id='kontakt'  class='av-layout-grid-container av-av_layout_row-1aa7e62954059f4a2fd84e8a256b91c8 entry-content-wrapper main_color av-flex-cells  avia-builder-el-6  el_after_av_three_fourth  avia-builder-el-last  grid-row-not-first  container_wrap fullsize'  >\n\n<style type=\"text\/css\" data-created_by=\"avia_inline_auto\" id=\"style-css-av-av_cell_one_half-014a501c5b0941a8461de1734ee1640b\">\n.flex_cell.av-av_cell_one_half-014a501c5b0941a8461de1734ee1640b{\nvertical-align:top;\nbackground:url(https:\/\/shanghaitomilan.com\/wp-content\/uploads\/2017\/03\/container_weltkarte-1030x687.jpg) 0% 0% no-repeat scroll ;\n}\n.responsive #top #wrap_all .flex_cell.av-av_cell_one_half-014a501c5b0941a8461de1734ee1640b{\npadding:0px 0px 0px 0px !important;\n}\n<\/style>\n<div class='flex_cell av-av_cell_one_half-014a501c5b0941a8461de1734ee1640b av-gridrow-cell av_one_half no_margin av-hide-on-mobile  avia-builder-el-7  el_before_av_cell_one_half  avia-builder-el-first  content-align-top av-zero-padding avia-full-stretch'  ><div class='flex_cell_inner'><\/div><\/div>\n<style type=\"text\/css\" data-created_by=\"avia_inline_auto\" id=\"style-css-av-av_cell_one_half-f57c70f9f5a63fd800eb5b955b847c2a\">\n.flex_cell.av-av_cell_one_half-f57c70f9f5a63fd800eb5b955b847c2a{\nvertical-align:top;\n}\n.responsive #top #wrap_all .flex_cell.av-av_cell_one_half-f57c70f9f5a63fd800eb5b955b847c2a{\npadding:30px 30px 30px 30px !important;\n}\n<\/style>\n<div class='flex_cell av-av_cell_one_half-f57c70f9f5a63fd800eb5b955b847c2a av-gridrow-cell av_one_half no_margin  avia-builder-el-8  el_after_av_cell_one_half  avia-builder-el-last  content-align-top'  ><div class='flex_cell_inner'><p>\n<style type=\"text\/css\" data-created_by=\"avia_inline_auto\" id=\"style-css-av-av_heading-a30752c1ced9c8753d0534da1a00fe30\">\n#top .av-special-heading.av-av_heading-a30752c1ced9c8753d0534da1a00fe30{\npadding-bottom:10px;\ncolor:#6786a1;\n}\nbody .av-special-heading.av-av_heading-a30752c1ced9c8753d0534da1a00fe30 .av-special-heading-tag .heading-char{\nfont-size:25px;\n}\n.av-special-heading.av-av_heading-a30752c1ced9c8753d0534da1a00fe30 .special-heading-inner-border{\nborder-color:#6786a1;\n}\n.av-special-heading.av-av_heading-a30752c1ced9c8753d0534da1a00fe30 .av-subheading{\nfont-size:15px;\n}\n<\/style>\n<div  class='av-special-heading av-av_heading-a30752c1ced9c8753d0534da1a00fe30 av-special-heading-h2 custom-color-heading blockquote modern-quote modern-centered  avia-builder-el-9  el_before_av_icon_box  avia-builder-el-first '><h2 class='av-special-heading-tag '  itemprop=\"headline\"  >Contact<\/h2><div class=\"special-heading-border\"><div class=\"special-heading-inner-border\"><\/div><\/div><\/div><br \/>\n<article  class='iconbox iconbox_top av-av_icon_box-4a1b8e3bfa631a518f75b456b8f62846  avia-builder-el-10  el_after_av_heading  el_before_av_image  main_color'  itemscope=\"itemscope\" itemtype=\"https:\/\/schema.org\/CreativeWork\" ><div class=\"iconbox_content\"><header class=\"entry-content-header\" aria-label=\"Icona: STM GROUP\"><div class='iconbox_icon heading-color avia-iconfont avia-font-entypo-fontello' data-av_icon='\ue805' data-av_iconfont='entypo-fontello'  ><\/div><h3 class='iconbox_content_title '  itemprop=\"headline\" >STM GROUP<\/h3><\/header><div class='iconbox_content_container '  itemprop=\"text\" ><p><a href=\"mailto:info@shanghaitomilan.com\">info@shanghaitomilan.com<\/a><\/p>\n<\/div><\/div><footer class=\"entry-footer\"><\/footer><\/article><br \/>\n\n<style type=\"text\/css\" data-created_by=\"avia_inline_auto\" id=\"style-css-av-av_image-c5c511ae69e493418d293ac7f7bcb040\">\n.avia-image-container.av-av_image-c5c511ae69e493418d293ac7f7bcb040 img.avia_image{\nbox-shadow:none;\n}\n.avia-image-container.av-av_image-c5c511ae69e493418d293ac7f7bcb040 .av-image-caption-overlay-center{\ncolor:#ffffff;\n}\n<\/style>\n<div  class='avia-image-container av-av_image-c5c511ae69e493418d293ac7f7bcb040 av-styling- avia-align-left  avia-builder-el-11  el_after_av_icon_box  avia-builder-el-last '   itemprop=\"image\" itemscope=\"itemscope\" itemtype=\"https:\/\/schema.org\/ImageObject\" ><div class=\"avia-image-container-inner\"><div class=\"avia-image-overlay-wrap\"><img fetchpriority=\"high\" class='wp-image-1527 avia-img-lazy-loading-not-1527 avia_image ' src='https:\/\/shanghaitomilan.com\/wp-content\/uploads\/2017\/03\/wko_aussenhandel.png' alt='' title='wko_aussenhandel'  height=\"125\" width=\"125\"  itemprop=\"thumbnailUrl\"  \/><\/div><\/div><\/div><\/p>\n<\/div><\/div>\n<\/div><\/p>\n","protected":false},"excerpt":{"rendered":"","protected":false},"author":1,"featured_media":0,"parent":0,"menu_order":0,"comment_status":"closed","ping_status":"closed","template":"","meta":{"footnotes":""},"class_list":["post-916","page","type-page","status-publish","hentry"],"yoast_head":"<!-- This site is optimized with the Yoast SEO plugin v27.4 - https:\/\/yoast.com\/product\/yoast-seo-wordpress\/ -->\n<title>Impressum - Shanghai to Milan<\/title>\n<meta name=\"robots\" content=\"index, follow, max-snippet:-1, max-image-preview:large, max-video-preview:-1\" \/>\n<link rel=\"canonical\" href=\"https:\/\/shanghaitomilan.com\/it\/impress\/\" \/>\n<meta property=\"og:locale\" content=\"it_IT\" \/>\n<meta property=\"og:type\" content=\"article\" \/>\n<meta property=\"og:title\" content=\"Impressum - Shanghai to Milan\" \/>\n<meta property=\"og:url\" content=\"https:\/\/shanghaitomilan.com\/it\/impress\/\" \/>\n<meta property=\"og:site_name\" content=\"Shanghai to Milan\" \/>\n<meta property=\"article:modified_time\" content=\"2023-03-08T13:07:12+00:00\" \/>\n<meta name=\"twitter:card\" content=\"summary_large_image\" \/>\n<meta name=\"twitter:label1\" content=\"Tempo di lettura stimato\" \/>\n\t<meta name=\"twitter:data1\" content=\"7 minuti\" \/>\n<script type=\"application\/ld+json\" class=\"yoast-schema-graph\">{\"@context\":\"https:\\\/\\\/schema.org\",\"@graph\":[{\"@type\":\"WebPage\",\"@id\":\"https:\\\/\\\/shanghaitomilan.com\\\/it\\\/impress\\\/\",\"url\":\"https:\\\/\\\/shanghaitomilan.com\\\/it\\\/impress\\\/\",\"name\":\"Impressum - Shanghai to Milan\",\"isPartOf\":{\"@id\":\"https:\\\/\\\/shanghaitomilan.com\\\/#website\"},\"datePublished\":\"2017-09-25T10:41:32+00:00\",\"dateModified\":\"2023-03-08T13:07:12+00:00\",\"breadcrumb\":{\"@id\":\"https:\\\/\\\/shanghaitomilan.com\\\/it\\\/impress\\\/#breadcrumb\"},\"inLanguage\":\"it-IT\",\"potentialAction\":[{\"@type\":\"ReadAction\",\"target\":[\"https:\\\/\\\/shanghaitomilan.com\\\/it\\\/impress\\\/\"]}]},{\"@type\":\"BreadcrumbList\",\"@id\":\"https:\\\/\\\/shanghaitomilan.com\\\/it\\\/impress\\\/#breadcrumb\",\"itemListElement\":[{\"@type\":\"ListItem\",\"position\":1,\"name\":\"Startseite\",\"item\":\"https:\\\/\\\/shanghaitomilan.com\\\/it\\\/shanghai-to-milan-importazioni-dalla-cina-con-persone-di-contatto-italiane\\\/\"},{\"@type\":\"ListItem\",\"position\":2,\"name\":\"Impressum\"}]},{\"@type\":\"WebSite\",\"@id\":\"https:\\\/\\\/shanghaitomilan.com\\\/#website\",\"url\":\"https:\\\/\\\/shanghaitomilan.com\\\/\",\"name\":\"Shanghai to Milan\",\"description\":\"il Suo referente per importazioni dalla Cina\",\"potentialAction\":[{\"@type\":\"SearchAction\",\"target\":{\"@type\":\"EntryPoint\",\"urlTemplate\":\"https:\\\/\\\/shanghaitomilan.com\\\/?s={search_term_string}\"},\"query-input\":{\"@type\":\"PropertyValueSpecification\",\"valueRequired\":true,\"valueName\":\"search_term_string\"}}],\"inLanguage\":\"it-IT\"}]}<\/script>\n<!-- \/ Yoast SEO plugin. -->","yoast_head_json":{"title":"Impressum - Shanghai to Milan","robots":{"index":"index","follow":"follow","max-snippet":"max-snippet:-1","max-image-preview":"max-image-preview:large","max-video-preview":"max-video-preview:-1"},"canonical":"https:\/\/shanghaitomilan.com\/it\/impress\/","og_locale":"it_IT","og_type":"article","og_title":"Impressum - Shanghai to Milan","og_url":"https:\/\/shanghaitomilan.com\/it\/impress\/","og_site_name":"Shanghai to Milan","article_modified_time":"2023-03-08T13:07:12+00:00","twitter_card":"summary_large_image","twitter_misc":{"Tempo di lettura stimato":"7 minuti"},"schema":{"@context":"https:\/\/schema.org","@graph":[{"@type":"WebPage","@id":"https:\/\/shanghaitomilan.com\/it\/impress\/","url":"https:\/\/shanghaitomilan.com\/it\/impress\/","name":"Impressum - Shanghai to Milan","isPartOf":{"@id":"https:\/\/shanghaitomilan.com\/#website"},"datePublished":"2017-09-25T10:41:32+00:00","dateModified":"2023-03-08T13:07:12+00:00","breadcrumb":{"@id":"https:\/\/shanghaitomilan.com\/it\/impress\/#breadcrumb"},"inLanguage":"it-IT","potentialAction":[{"@type":"ReadAction","target":["https:\/\/shanghaitomilan.com\/it\/impress\/"]}]},{"@type":"BreadcrumbList","@id":"https:\/\/shanghaitomilan.com\/it\/impress\/#breadcrumb","itemListElement":[{"@type":"ListItem","position":1,"name":"Startseite","item":"https:\/\/shanghaitomilan.com\/it\/shanghai-to-milan-importazioni-dalla-cina-con-persone-di-contatto-italiane\/"},{"@type":"ListItem","position":2,"name":"Impressum"}]},{"@type":"WebSite","@id":"https:\/\/shanghaitomilan.com\/#website","url":"https:\/\/shanghaitomilan.com\/","name":"Shanghai to Milan","description":"il Suo referente per importazioni dalla Cina","potentialAction":[{"@type":"SearchAction","target":{"@type":"EntryPoint","urlTemplate":"https:\/\/shanghaitomilan.com\/?s={search_term_string}"},"query-input":{"@type":"PropertyValueSpecification","valueRequired":true,"valueName":"search_term_string"}}],"inLanguage":"it-IT"}]}},"_links":{"self":[{"href":"https:\/\/shanghaitomilan.com\/it\/wp-json\/wp\/v2\/pages\/916","targetHints":{"allow":["GET"]}}],"collection":[{"href":"https:\/\/shanghaitomilan.com\/it\/wp-json\/wp\/v2\/pages"}],"about":[{"href":"https:\/\/shanghaitomilan.com\/it\/wp-json\/wp\/v2\/types\/page"}],"author":[{"embeddable":true,"href":"https:\/\/shanghaitomilan.com\/it\/wp-json\/wp\/v2\/users\/1"}],"replies":[{"embeddable":true,"href":"https:\/\/shanghaitomilan.com\/it\/wp-json\/wp\/v2\/comments?post=916"}],"version-history":[{"count":10,"href":"https:\/\/shanghaitomilan.com\/it\/wp-json\/wp\/v2\/pages\/916\/revisions"}],"predecessor-version":[{"id":2158,"href":"https:\/\/shanghaitomilan.com\/it\/wp-json\/wp\/v2\/pages\/916\/revisions\/2158"}],"wp:attachment":[{"href":"https:\/\/shanghaitomilan.com\/it\/wp-json\/wp\/v2\/media?parent=916"}],"curies":[{"name":"wp","href":"https:\/\/api.w.org\/{rel}","templated":true}]}}